{"id":83,"date":"2015-04-17T10:56:27","date_gmt":"2015-04-17T08:56:27","guid":{"rendered":"http:\/\/mute.ch\/?page_id=83"},"modified":"2017-07-10T21:43:59","modified_gmt":"2017-07-10T19:43:59","slug":"video","status":"publish","type":"page","link":"http:\/\/mute.ch\/?page_id=83","title":{"rendered":"Video"},"content":{"rendered":"<p><span class=\"Apple-style-span\" style=\"color: #000000;\">Some of the videos from our past events:<\/span><\/p>\n<p>Demand Records Night, EastColors, Phase &amp; Qbig &amp; Zenith B (QZB)  @ MUTE, Hive Z\u00fcrich (2017)<br \/>\n<iframe loading=\"lazy\" src=\"https:\/\/www.youtube.com\/embed\/A83S4HLyWcI\" width=\"900\" height=\"600\" frameborder=\"0\" allowfullscreen=\"allowfullscreen\"><\/iframe><\/p>\n<p>Technimatic &amp; MC Resc  @ MUTE, Hive Z\u00fcrich (2017)<br \/>\n<iframe loading=\"lazy\" src=\"https:\/\/www.youtube.com\/embed\/oP_pgjlwn4A\" width=\"900\" height=\"600\" frameborder=\"0\" allowfullscreen=\"allowfullscreen\"><\/iframe><\/p>\n<p>Marcus Intalex (RIP), FD, RoyGreen &amp; Protone &amp; DRS @ MUTE, Hive Z\u00fcrich (2016)<br \/>\n<iframe loading=\"lazy\" src=\"https:\/\/www.youtube.com\/embed\/SHG1drB_Zck\" width=\"900\" height=\"600\" frameborder=\"0\" allowfullscreen=\"allowfullscreen\"><\/iframe><\/p>\n<p>Calibre @ MUTE, Hive Z\u00fcrich (2016)<br \/>\n<iframe loading=\"lazy\" src=\"https:\/\/www.youtube.com\/embed\/SRhSPAjt014\" width=\"900\" height=\"600\" frameborder=\"0\" allowfullscreen=\"allowfullscreen\"><\/iframe><\/p>\n<p>Anile, Phil Tangent &amp; MC Ruthless @ MUTE, Hive Z\u00fcrich (2016)<br \/>\n<iframe loading=\"lazy\" src=\"https:\/\/www.youtube.com\/embed\/40RkVQZDT9c\" width=\"900\" height=\"600\" frameborder=\"0\" allowfullscreen=\"allowfullscreen\"><\/iframe><\/p>\n<p>Ulterior Motive, LSB &amp; MC Marvelous @ MUTE, Hive Z\u00fcrich (2015)<br \/>\n<iframe loading=\"lazy\" src=\"https:\/\/www.youtube.com\/embed\/lMFvPIqeNZU\" width=\"900\" height=\"600\" frameborder=\"0\" allowfullscreen=\"allowfullscreen\"><\/iframe><\/p>\n<p>Lenzman, FD, Keen @ MUTE, Hive Z\u00fcrich (2015)<br \/>\n<iframe loading=\"lazy\" src=\"https:\/\/player.vimeo.com\/video\/120869576\" width=\"900\" height=\"600\" frameborder=\"0\" allowfullscreen=\"allowfullscreen\"><\/iframe><\/p>\n<p>Calibre &amp; SP:MC @ MUTE, Hive Z\u00fcrich (2013)<br \/>\n<iframe loading=\"lazy\" src=\"https:\/\/www.youtube.com\/embed\/fE6ovfl7Eao\" width=\"900\" height=\"600\" frameborder=\"0\" allowfullscreen=\"allowfullscreen\"><\/iframe><\/p>\n<p>Calibre &amp; SP:MC @ MUTE, Hive Z\u00fcrich (2012)<br \/>\n<iframe loading=\"lazy\" src=\"https:\/\/www.youtube.com\/embed\/0qDOwqqQZEU\" width=\"900\" height=\"600\" frameborder=\"0\" allowfullscreen=\"allowfullscreen\"><\/iframe><\/p>\n","protected":false},"excerpt":{"rendered":"<p>Some of the videos from our past events: Demand Records Night, EastColors, Phase &amp; Qbig &amp; Zenith B (QZB) @ MUTE, Hive Z\u00fcrich (2017) Technimatic &amp; MC Resc @ MUTE, Hive Z\u00fcrich (2017) Marcus Intalex (RIP), FD, RoyGreen &amp; Protone &amp; DRS @ MUTE, Hive Z\u00fcrich (2016) Calibre @ MUTE, Hive Z\u00fcrich (2016) Anile, Phil [&hellip;]<\/p>\n","protected":false},"author":1,"featured_media":102,"parent":0,"menu_order":0,"comment_status":"open","ping_status":"open","template":"","meta":[],"_links":{"self":[{"href":"http:\/\/mute.ch\/index.php?rest_route=\/wp\/v2\/pages\/83"}],"collection":[{"href":"http:\/\/mute.ch\/index.php?rest_route=\/wp\/v2\/pages"}],"about":[{"href":"http:\/\/mute.ch\/index.php?rest_route=\/wp\/v2\/types\/page"}],"author":[{"embeddable":true,"href":"http:\/\/mute.ch\/index.php?rest_route=\/wp\/v2\/users\/1"}],"replies":[{"embeddable":true,"href":"http:\/\/mute.ch\/index.php?rest_route=%2Fwp%2Fv2%2Fcomments&post=83"}],"version-history":[{"count":10,"href":"http:\/\/mute.ch\/index.php?rest_route=\/wp\/v2\/pages\/83\/revisions"}],"predecessor-version":[{"id":339,"href":"http:\/\/mute.ch\/index.php?rest_route=\/wp\/v2\/pages\/83\/revisions\/339"}],"wp:featuredmedia":[{"embeddable":true,"href":"http:\/\/mute.ch\/index.php?rest_route=\/wp\/v2\/media\/102"}],"wp:attachment":[{"href":"http:\/\/mute.ch\/index.php?rest_route=%2Fwp%2Fv2%2Fmedia&parent=83"}],"curies":[{"name":"wp","href":"https:\/\/api.w.org\/{rel}","templated":true}]}}